{"id":304,"date":"2021-09-05T20:52:53","date_gmt":"2021-09-05T20:52:53","guid":{"rendered":"https:\/\/www.queens-beauty.ch\/?post_type=product&#038;p=304"},"modified":"2021-09-05T21:02:10","modified_gmt":"2021-09-05T21:02:10","slug":"hydrate-lotion","status":"publish","type":"product","link":"https:\/\/www.queens-beauty.ch\/?product=hydrate-lotion","title":{"rendered":"Hydrate Lotion"},"content":{"rendered":"<p>150 ml<\/p>\n<p>&#8211; Frei von Parabenen &amp; Silikonen<\/p>\n<p>&#8211; Feuchtigkeitsspendende Lotion<\/p>\n<p>&#8211; Wirkt gegen Frizz und hinterl\u00e4sst das Haar geschmeidig und formbar. Sch\u00fctzt vor F\u00f6hnhitze und verbessert die K\u00e4mmbarkeit.<\/p>\n<p>Phenoxyethanol wird oft f\u00fcr Pharamzeutika und Kosmetik verwendet und ist ein Paraben-Ersatz.<\/p>\n","protected":false},"excerpt":{"rendered":"<p>150 ml &#8211; Frei von Parabenen &amp; Silikonen &#8211; Feuchtigkeitsspendende Lotion &#8211; Wirkt gegen Frizz und hinterl\u00e4sst das Haar geschmeidig und formbar. Sch\u00fctzt vor F\u00f6hnhitze und verbessert die K\u00e4mmbarkeit. Phenoxyethanol wird oft f\u00fcr Pharamzeutika und Kosmetik verwendet und ist ein Paraben-Ersatz.<\/p>\n","protected":false},"featured_media":289,"comment_status":"open","ping_status":"closed","template":"","meta":[],"product_brand":[],"product_cat":[52,46],"product_tag":[53,49,60,58,62,59,61],"class_list":{"0":"post-304","1":"product","2":"type-product","3":"status-publish","4":"has-post-thumbnail","6":"product_cat-authentic-beauty-concept","7":"product_cat-pflegeprodukte","8":"product_tag-authentic-beauty-concept","9":"product_tag-feuchtigkeit","10":"product_tag-haarpflege","11":"product_tag-hair","12":"product_tag-lotion","13":"product_tag-pflege","14":"product_tag-spuehlung","16":"first","17":"instock","18":"taxable","19":"shipping-taxable","20":"purchasable","21":"product-type-simple"},"jetpack-related-posts":[],"jetpack_sharing_enabled":true,"_links":{"self":[{"href":"https:\/\/www.queens-beauty.ch\/index.php?rest_route=\/wp\/v2\/product\/304","targetHints":{"allow":["GET"]}}],"collection":[{"href":"https:\/\/www.queens-beauty.ch\/index.php?rest_route=\/wp\/v2\/product"}],"about":[{"href":"https:\/\/www.queens-beauty.ch\/index.php?rest_route=\/wp\/v2\/types\/product"}],"replies":[{"embeddable":true,"href":"https:\/\/www.queens-beauty.ch\/index.php?rest_route=%2Fwp%2Fv2%2Fcomments&post=304"}],"wp:featuredmedia":[{"embeddable":true,"href":"https:\/\/www.queens-beauty.ch\/index.php?rest_route=\/wp\/v2\/media\/289"}],"wp:attachment":[{"href":"https:\/\/www.queens-beauty.ch\/index.php?rest_route=%2Fwp%2Fv2%2Fmedia&parent=304"}],"wp:term":[{"taxonomy":"product_brand","embeddable":true,"href":"https:\/\/www.queens-beauty.ch\/index.php?rest_route=%2Fwp%2Fv2%2Fproduct_brand&post=304"},{"taxonomy":"product_cat","embeddable":true,"href":"https:\/\/www.queens-beauty.ch\/index.php?rest_route=%2Fwp%2Fv2%2Fproduct_cat&post=304"},{"taxonomy":"product_tag","embeddable":true,"href":"https:\/\/www.queens-beauty.ch\/index.php?rest_route=%2Fwp%2Fv2%2Fproduct_tag&post=304"}],"curies":[{"name":"wp","href":"https:\/\/api.w.org\/{rel}","templated":true}]}}