{"id":318,"date":"2021-09-07T19:55:59","date_gmt":"2021-09-07T19:55:59","guid":{"rendered":"https:\/\/www.queens-beauty.ch\/?post_type=product&#038;p=318"},"modified":"2021-09-07T19:56:00","modified_gmt":"2021-09-07T19:56:00","slug":"amplify-cleanser","status":"publish","type":"product","link":"https:\/\/www.queens-beauty.ch\/?product=amplify-cleanser","title":{"rendered":"Amplify Cleanser"},"content":{"rendered":"<p>-300ml<\/p>\n<p>-Schwereloses Shampoo frei von Sulfat-Tensiden &amp; Parabenen<\/p>\n<p>-Verleiht Volumen und hinterl\u00e4sst das Haar weich, aber gut formbar; f\u00fcr ein volleres Haargef\u00fchl.<\/p>\n","protected":false},"excerpt":{"rendered":"<p>-300ml -Schwereloses Shampoo frei von Sulfat-Tensiden &amp; Parabenen -Verleiht Volumen und hinterl\u00e4sst das Haar weich, aber gut formbar; f\u00fcr ein volleres Haargef\u00fchl.<\/p>\n","protected":false},"featured_media":321,"comment_status":"open","ping_status":"closed","template":"","meta":[],"product_brand":[],"product_cat":[52],"product_tag":[53,48,60,58,55,47],"class_list":{"0":"post-318","1":"product","2":"type-product","3":"status-publish","4":"has-post-thumbnail","6":"product_cat-authentic-beauty-concept","7":"product_tag-authentic-beauty-concept","8":"product_tag-cleancer","9":"product_tag-haarpflege","10":"product_tag-hair","11":"product_tag-pflege-produkte","12":"product_tag-shampoo","14":"first","15":"instock","16":"taxable","17":"shipping-taxable","18":"purchasable","19":"product-type-simple"},"jetpack-related-posts":[],"jetpack_sharing_enabled":true,"_links":{"self":[{"href":"https:\/\/www.queens-beauty.ch\/index.php?rest_route=\/wp\/v2\/product\/318","targetHints":{"allow":["GET"]}}],"collection":[{"href":"https:\/\/www.queens-beauty.ch\/index.php?rest_route=\/wp\/v2\/product"}],"about":[{"href":"https:\/\/www.queens-beauty.ch\/index.php?rest_route=\/wp\/v2\/types\/product"}],"replies":[{"embeddable":true,"href":"https:\/\/www.queens-beauty.ch\/index.php?rest_route=%2Fwp%2Fv2%2Fcomments&post=318"}],"wp:featuredmedia":[{"embeddable":true,"href":"https:\/\/www.queens-beauty.ch\/index.php?rest_route=\/wp\/v2\/media\/321"}],"wp:attachment":[{"href":"https:\/\/www.queens-beauty.ch\/index.php?rest_route=%2Fwp%2Fv2%2Fmedia&parent=318"}],"wp:term":[{"taxonomy":"product_brand","embeddable":true,"href":"https:\/\/www.queens-beauty.ch\/index.php?rest_route=%2Fwp%2Fv2%2Fproduct_brand&post=318"},{"taxonomy":"product_cat","embeddable":true,"href":"https:\/\/www.queens-beauty.ch\/index.php?rest_route=%2Fwp%2Fv2%2Fproduct_cat&post=318"},{"taxonomy":"product_tag","embeddable":true,"href":"https:\/\/www.queens-beauty.ch\/index.php?rest_route=%2Fwp%2Fv2%2Fproduct_tag&post=318"}],"curies":[{"name":"wp","href":"https:\/\/api.w.org\/{rel}","templated":true}]}}