{"id":324,"date":"2021-09-07T20:06:00","date_gmt":"2021-09-07T20:06:00","guid":{"rendered":"https:\/\/www.queens-beauty.ch\/?post_type=product&#038;p=324"},"modified":"2021-09-07T20:06:00","modified_gmt":"2021-09-07T20:06:00","slug":"amplify-conditioner","status":"publish","type":"product","link":"https:\/\/www.queens-beauty.ch\/?product=amplify-conditioner","title":{"rendered":"Amplify Conditioner"},"content":{"rendered":"<p>250ml<br \/>\n-Schwereloser Conditioner frei von Sulfat-Tensiden &amp; Parabenen<\/p>\n<p>-Hinterl\u00e4sst das Haar formbar, verleiht Volumen und ein kr\u00e4ftigeres Haargef\u00fchl.<\/p>\n","protected":false},"excerpt":{"rendered":"<p>250ml -Schwereloser Conditioner frei von Sulfat-Tensiden &amp; Parabenen -Hinterl\u00e4sst das Haar formbar, verleiht Volumen und ein kr\u00e4ftigeres Haargef\u00fchl.<\/p>\n","protected":false},"featured_media":323,"comment_status":"open","ping_status":"closed","template":"","meta":[],"product_brand":[],"product_cat":[52],"product_tag":[53,54,60,58,59,55,61],"class_list":{"0":"post-324","1":"product","2":"type-product","3":"status-publish","4":"has-post-thumbnail","6":"product_cat-authentic-beauty-concept","7":"product_tag-authentic-beauty-concept","8":"product_tag-conditioner","9":"product_tag-haarpflege","10":"product_tag-hair","11":"product_tag-pflege","12":"product_tag-pflege-produkte","13":"product_tag-spuehlung","15":"first","16":"instock","17":"taxable","18":"shipping-taxable","19":"purchasable","20":"product-type-simple"},"jetpack-related-posts":[],"jetpack_sharing_enabled":true,"_links":{"self":[{"href":"https:\/\/www.queens-beauty.ch\/index.php?rest_route=\/wp\/v2\/product\/324","targetHints":{"allow":["GET"]}}],"collection":[{"href":"https:\/\/www.queens-beauty.ch\/index.php?rest_route=\/wp\/v2\/product"}],"about":[{"href":"https:\/\/www.queens-beauty.ch\/index.php?rest_route=\/wp\/v2\/types\/product"}],"replies":[{"embeddable":true,"href":"https:\/\/www.queens-beauty.ch\/index.php?rest_route=%2Fwp%2Fv2%2Fcomments&post=324"}],"wp:featuredmedia":[{"embeddable":true,"href":"https:\/\/www.queens-beauty.ch\/index.php?rest_route=\/wp\/v2\/media\/323"}],"wp:attachment":[{"href":"https:\/\/www.queens-beauty.ch\/index.php?rest_route=%2Fwp%2Fv2%2Fmedia&parent=324"}],"wp:term":[{"taxonomy":"product_brand","embeddable":true,"href":"https:\/\/www.queens-beauty.ch\/index.php?rest_route=%2Fwp%2Fv2%2Fproduct_brand&post=324"},{"taxonomy":"product_cat","embeddable":true,"href":"https:\/\/www.queens-beauty.ch\/index.php?rest_route=%2Fwp%2Fv2%2Fproduct_cat&post=324"},{"taxonomy":"product_tag","embeddable":true,"href":"https:\/\/www.queens-beauty.ch\/index.php?rest_route=%2Fwp%2Fv2%2Fproduct_tag&post=324"}],"curies":[{"name":"wp","href":"https:\/\/api.w.org\/{rel}","templated":true}]}}