{"id":329,"date":"2021-09-07T20:24:23","date_gmt":"2021-09-07T20:24:23","guid":{"rendered":"https:\/\/www.queens-beauty.ch\/?post_type=product&#038;p=329"},"modified":"2021-09-07T20:24:23","modified_gmt":"2021-09-07T20:24:23","slug":"replenish-cleanser","status":"publish","type":"product","link":"https:\/\/www.queens-beauty.ch\/?product=replenish-cleanser","title":{"rendered":"Replenish Cleanser"},"content":{"rendered":"<p>300ml<br \/>\nN\u00e4hrendes Shampoo frei von Sulfat-Tensiden, Parabenen &amp; Silikonen<\/p>\n<p>Reinigt behandeltes, strapaziertes oder gesch\u00e4digtes Haar und st\u00e4rkt die Haarfaser<\/p>\n","protected":false},"excerpt":{"rendered":"<p>300ml N\u00e4hrendes Shampoo frei von Sulfat-Tensiden, Parabenen &amp; Silikonen Reinigt behandeltes, strapaziertes oder gesch\u00e4digtes Haar und st\u00e4rkt die Haarfaser<\/p>\n","protected":false},"featured_media":335,"comment_status":"open","ping_status":"closed","template":"","meta":[],"product_brand":[],"product_cat":[52],"product_tag":[53,48,60,55,47],"class_list":{"0":"post-329","1":"product","2":"type-product","3":"status-publish","4":"has-post-thumbnail","6":"product_cat-authentic-beauty-concept","7":"product_tag-authentic-beauty-concept","8":"product_tag-cleancer","9":"product_tag-haarpflege","10":"product_tag-pflege-produkte","11":"product_tag-shampoo","13":"first","14":"instock","15":"taxable","16":"shipping-taxable","17":"purchasable","18":"product-type-simple"},"jetpack-related-posts":[],"jetpack_sharing_enabled":true,"_links":{"self":[{"href":"https:\/\/www.queens-beauty.ch\/index.php?rest_route=\/wp\/v2\/product\/329","targetHints":{"allow":["GET"]}}],"collection":[{"href":"https:\/\/www.queens-beauty.ch\/index.php?rest_route=\/wp\/v2\/product"}],"about":[{"href":"https:\/\/www.queens-beauty.ch\/index.php?rest_route=\/wp\/v2\/types\/product"}],"replies":[{"embeddable":true,"href":"https:\/\/www.queens-beauty.ch\/index.php?rest_route=%2Fwp%2Fv2%2Fcomments&post=329"}],"wp:featuredmedia":[{"embeddable":true,"href":"https:\/\/www.queens-beauty.ch\/index.php?rest_route=\/wp\/v2\/media\/335"}],"wp:attachment":[{"href":"https:\/\/www.queens-beauty.ch\/index.php?rest_route=%2Fwp%2Fv2%2Fmedia&parent=329"}],"wp:term":[{"taxonomy":"product_brand","embeddable":true,"href":"https:\/\/www.queens-beauty.ch\/index.php?rest_route=%2Fwp%2Fv2%2Fproduct_brand&post=329"},{"taxonomy":"product_cat","embeddable":true,"href":"https:\/\/www.queens-beauty.ch\/index.php?rest_route=%2Fwp%2Fv2%2Fproduct_cat&post=329"},{"taxonomy":"product_tag","embeddable":true,"href":"https:\/\/www.queens-beauty.ch\/index.php?rest_route=%2Fwp%2Fv2%2Fproduct_tag&post=329"}],"curies":[{"name":"wp","href":"https:\/\/api.w.org\/{rel}","templated":true}]}}